{"id":133,"date":"2019-04-11T08:42:32","date_gmt":"2019-04-11T08:42:32","guid":{"rendered":"https:\/\/eliro.net\/?page_id=133"},"modified":"2024-05-06T14:53:14","modified_gmt":"2024-05-06T14:53:14","slug":"zastita-osobnih-podataka","status":"publish","type":"page","link":"https:\/\/eliro.net\/?page_id=133","title":{"rendered":"Za\u0161tita osobnih podataka"},"content":{"rendered":"\n<p><a rel=\"noreferrer noopener\" aria-label=\"Op\u0107a uredba o za\u0161titi osobnih podataka - Uredba (EU) 2016\/679  (opens in a new tab)\" href=\"http:\/\/www.privacy-regulation.eu\/hr\" target=\"_blank\">Op\u0107a uredba o za\u0161titi osobnih podataka &#8211; Uredba (EU) 2016\/679 <\/a>&nbsp;<\/p>\n\n\n\n<p><a rel=\"noreferrer noopener\" aria-label=\"Zakon o provedbi op\u0107e uredbe za za\u0161titu osobnih podataka&nbsp;&nbsp;&nbsp;&nbsp;&nbsp;&nbsp;&nbsp;&nbsp;&nbsp;&nbsp;&nbsp;&nbsp;&nbsp;&nbsp;&nbsp;&nbsp;&nbsp;&nbsp;&nbsp;&nbsp;&nbsp;&nbsp;&nbsp;&nbsp;&nbsp;  (opens in a new tab)\" href=\"https:\/\/narodne-novine.nn.hr\/clanci\/sluzbeni\/2018_05_42_805.html\" target=\"_blank\">Zakon o provedbi op\u0107e uredbe za za\u0161titu osobnih podataka <\/a><\/p>\n\n\n\n<p><a rel=\"noreferrer noopener\" aria-label=\"Agencija za za\u0161titu osobnih podataka - AZOP (opens in a new tab)\" href=\"http:\/\/azop.hr\" target=\"_blank\">Agencija za za\u0161titu osobnih podataka &#8211; AZOP<\/a><\/p>\n\n\n\n<div class=\"wp-block-file\"><a id=\"wp-block-file--media-20a3bdd2-11d4-4808-8eea-b96d2071a95f\" href=\"https:\/\/eliro.net\/wp-content\/uploads\/2019\/04\/Politika-sustava-upravljanja-osobnim-podacima.pdf\">Politika sustava upravljanja osobnim podacima<\/a><a href=\"https:\/\/eliro.net\/wp-content\/uploads\/2019\/04\/Politika-sustava-upravljanja-osobnim-podacima.pdf\" class=\"wp-block-file__button wp-element-button\" download aria-describedby=\"wp-block-file--media-20a3bdd2-11d4-4808-8eea-b96d2071a95f\">Download<\/a><\/div>\n\n\n\n<div class=\"wp-block-file\"><a id=\"wp-block-file--media-25d30106-5189-4728-9a92-d17a3909efdc\" href=\"https:\/\/eliro.net\/wp-content\/uploads\/2019\/04\/Politika-privatnosti.pdf\">Politika privatnosti<\/a><a href=\"https:\/\/eliro.net\/wp-content\/uploads\/2019\/04\/Politika-privatnosti.pdf\" class=\"wp-block-file__button wp-element-button\" download aria-describedby=\"wp-block-file--media-25d30106-5189-4728-9a92-d17a3909efdc\">Download<\/a><\/div>\n\n\n\n<div class=\"wp-block-file\"><a id=\"wp-block-file--media-472da02e-68ea-4ae7-a6d2-ce4f4199c179\" href=\"https:\/\/eliro.net\/wp-content\/uploads\/2019\/04\/Zahtjev-za-pristup-osobnim-podacima-koji-se-obra\u0111uju.pdf\">Zahtjev za pristup osobnim podacima<\/a><a href=\"https:\/\/eliro.net\/wp-content\/uploads\/2019\/04\/Zahtjev-za-pristup-osobnim-podacima-koji-se-obra\u0111uju.pdf\" class=\"wp-block-file__button wp-element-button\" download aria-describedby=\"wp-block-file--media-472da02e-68ea-4ae7-a6d2-ce4f4199c179\">Download<\/a><\/div>\n\n\n\n<div class=\"wp-block-file\"><a id=\"wp-block-file--media-8a52c26a-ebb9-42d4-a17e-6266e5394a28\" href=\"https:\/\/eliro.net\/wp-content\/uploads\/2019\/04\/Zahtjev-za-ispravak-osobnih-podataka-koji-se-obra\u0111uju.pdf\">Zahtjev za ispravak osobnih podataka<\/a><a href=\"https:\/\/eliro.net\/wp-content\/uploads\/2019\/04\/Zahtjev-za-ispravak-osobnih-podataka-koji-se-obra\u0111uju.pdf\" class=\"wp-block-file__button wp-element-button\" download aria-describedby=\"wp-block-file--media-8a52c26a-ebb9-42d4-a17e-6266e5394a28\">Download<\/a><\/div>\n\n\n\n<div class=\"wp-block-file\"><a id=\"wp-block-file--media-fcc4e901-6722-41a8-adb9-fbf6dbfcf437\" href=\"https:\/\/eliro.net\/wp-content\/uploads\/2019\/04\/Zahtjev-za-prenosivost-osobnih-podataka-koji-se-obra\u0111uju.pdf\">Zahtjev za prenosivost osobnih podataka<\/a><a href=\"https:\/\/eliro.net\/wp-content\/uploads\/2019\/04\/Zahtjev-za-prenosivost-osobnih-podataka-koji-se-obra\u0111uju.pdf\" class=\"wp-block-file__button wp-element-button\" download aria-describedby=\"wp-block-file--media-fcc4e901-6722-41a8-adb9-fbf6dbfcf437\">Download<\/a><\/div>\n\n\n\n<div class=\"wp-block-file\"><a id=\"wp-block-file--media-a426713e-4f8a-451e-b84e-c04e38eb1b03\" href=\"https:\/\/eliro.net\/wp-content\/uploads\/2019\/04\/Zahtjev-za-brisanje-osobnih-podataka-koji-se-obra\u0111uju.pdf\">Zahtjev za brisanje osobnih podataka<\/a><a href=\"https:\/\/eliro.net\/wp-content\/uploads\/2019\/04\/Zahtjev-za-brisanje-osobnih-podataka-koji-se-obra\u0111uju.pdf\" class=\"wp-block-file__button wp-element-button\" download aria-describedby=\"wp-block-file--media-a426713e-4f8a-451e-b84e-c04e38eb1b03\">Download<\/a><\/div>\n\n\n\n<div class=\"wp-block-file\"><a id=\"wp-block-file--media-f4201dee-20d4-42f5-bc48-e6953d67a157\" href=\"https:\/\/eliro.net\/wp-content\/uploads\/2019\/04\/Zahtjev-za-ostvarivanje-prava-na-ograni\u010denje-obrade.pdf\">Zahtjev za ostvarivanje prava na ograni\u010denje obrade<\/a><a href=\"https:\/\/eliro.net\/wp-content\/uploads\/2019\/04\/Zahtjev-za-ostvarivanje-prava-na-ograni\u010denje-obrade.pdf\" class=\"wp-block-file__button wp-element-button\" download aria-describedby=\"wp-block-file--media-f4201dee-20d4-42f5-bc48-e6953d67a157\">Download<\/a><\/div>\n\n\n\n<div class=\"wp-block-file\"><a id=\"wp-block-file--media-d7314848-4a1c-4785-80a0-5626613a430d\" href=\"https:\/\/eliro.net\/wp-content\/uploads\/2019\/04\/Zahtjev-za-ostvarivanje-prava-na-prigovor.pdf\">Zahtjev za ostvarivanje prava na prigovor<\/a><a href=\"https:\/\/eliro.net\/wp-content\/uploads\/2019\/04\/Zahtjev-za-ostvarivanje-prava-na-prigovor.pdf\" class=\"wp-block-file__button wp-element-button\" download aria-describedby=\"wp-block-file--media-d7314848-4a1c-4785-80a0-5626613a430d\">Download<\/a><\/div>\n\n\n\n<div class=\"wp-block-file\"><a id=\"wp-block-file--media-70894260-6c55-4e84-90d4-fc1667d3bfca\" href=\"https:\/\/eliro.net\/wp-content\/uploads\/2019\/04\/Zahtjev-ispitanika-da-se-na-njega-ne-odnosi-odluka-koja-se-temelji-isklju\u010divo-na-automatiziranoj-obradi.pdf\">Zahtjev za osporavanje odluke koja se temelji isklju\u010divo na automatiziranoj obradi  <\/a><a href=\"https:\/\/eliro.net\/wp-content\/uploads\/2019\/04\/Zahtjev-ispitanika-da-se-na-njega-ne-odnosi-odluka-koja-se-temelji-isklju\u010divo-na-automatiziranoj-obradi.pdf\" class=\"wp-block-file__button wp-element-button\" download aria-describedby=\"wp-block-file--media-70894260-6c55-4e84-90d4-fc1667d3bfca\">Download<\/a><\/div>\n","protected":false},"excerpt":{"rendered":"<p>Op\u0107a uredba o za\u0161titi osobnih podataka &#8211; Uredba (EU) 2016\/679 &nbsp; Zakon o provedbi op\u0107e uredbe za za\u0161titu osobnih podataka Agencija za za\u0161titu osobnih podataka &#8211; AZOP<\/p>\n","protected":false},"author":1,"featured_media":0,"parent":0,"menu_order":500,"comment_status":"closed","ping_status":"closed","template":"","meta":{"footnotes":""},"class_list":["post-133","page","type-page","status-publish","hentry"],"yoast_head":"<!-- This site is optimized with the Yoast SEO plugin v22.6 - https:\/\/yoast.com\/wordpress\/plugins\/seo\/ -->\n<title>Za\u0161tita osobnih podataka -<\/title>\n<meta name=\"robots\" content=\"index, follow, max-snippet:-1, max-image-preview:large, max-video-preview:-1\" \/>\n<link rel=\"canonical\" href=\"https:\/\/eliro.net\/?page_id=133\" \/>\n<meta property=\"og:locale\" content=\"en_US\" \/>\n<meta property=\"og:type\" content=\"article\" \/>\n<meta property=\"og:title\" content=\"Za\u0161tita osobnih podataka -\" \/>\n<meta property=\"og:description\" content=\"Op\u0107a uredba o za\u0161titi osobnih podataka &#8211; Uredba (EU) 2016\/679 &nbsp; Zakon o provedbi op\u0107e uredbe za za\u0161titu osobnih podataka Agencija za za\u0161titu osobnih podataka &#8211; AZOP\" \/>\n<meta property=\"og:url\" content=\"https:\/\/eliro.net\/?page_id=133\" \/>\n<meta property=\"article:modified_time\" content=\"2024-05-06T14:53:14+00:00\" \/>\n<meta name=\"twitter:card\" content=\"summary_large_image\" \/>\n<script type=\"application\/ld+json\" class=\"yoast-schema-graph\">{\"@context\":\"https:\/\/schema.org\",\"@graph\":[{\"@type\":\"WebPage\",\"@id\":\"https:\/\/eliro.net\/?page_id=133\",\"url\":\"https:\/\/eliro.net\/?page_id=133\",\"name\":\"Za\u0161tita osobnih podataka -\",\"isPartOf\":{\"@id\":\"https:\/\/eliro.net\/#website\"},\"datePublished\":\"2019-04-11T08:42:32+00:00\",\"dateModified\":\"2024-05-06T14:53:14+00:00\",\"breadcrumb\":{\"@id\":\"https:\/\/eliro.net\/?page_id=133#breadcrumb\"},\"inLanguage\":\"en-US\",\"potentialAction\":[{\"@type\":\"ReadAction\",\"target\":[\"https:\/\/eliro.net\/?page_id=133\"]}]},{\"@type\":\"BreadcrumbList\",\"@id\":\"https:\/\/eliro.net\/?page_id=133#breadcrumb\",\"itemListElement\":[{\"@type\":\"ListItem\",\"position\":1,\"name\":\"Home\",\"item\":\"https:\/\/eliro.net\/\"},{\"@type\":\"ListItem\",\"position\":2,\"name\":\"Za\u0161tita osobnih podataka\"}]},{\"@type\":\"WebSite\",\"@id\":\"https:\/\/eliro.net\/#website\",\"url\":\"https:\/\/eliro.net\/\",\"name\":\"ELIRO net\",\"description\":\"IT podr\u0161ka\",\"publisher\":{\"@id\":\"https:\/\/eliro.net\/#organization\"},\"potentialAction\":[{\"@type\":\"SearchAction\",\"target\":{\"@type\":\"EntryPoint\",\"urlTemplate\":\"https:\/\/eliro.net\/?s={search_term_string}\"},\"query-input\":\"required name=search_term_string\"}],\"inLanguage\":\"en-US\"},{\"@type\":\"Organization\",\"@id\":\"https:\/\/eliro.net\/#organization\",\"name\":\"ELIRO net\",\"url\":\"https:\/\/eliro.net\/\",\"logo\":{\"@type\":\"ImageObject\",\"inLanguage\":\"en-US\",\"@id\":\"https:\/\/eliro.net\/#\/schema\/logo\/image\/\",\"url\":\"https:\/\/eliro.net\/wp-content\/uploads\/2018\/01\/ELIRO3.bmp\",\"contentUrl\":\"https:\/\/eliro.net\/wp-content\/uploads\/2018\/01\/ELIRO3.bmp\",\"width\":158,\"height\":131,\"caption\":\"ELIRO net\"},\"image\":{\"@id\":\"https:\/\/eliro.net\/#\/schema\/logo\/image\/\"}}]}<\/script>\n<!-- \/ Yoast SEO plugin. -->","yoast_head_json":{"title":"Za\u0161tita osobnih podataka -","robots":{"index":"index","follow":"follow","max-snippet":"max-snippet:-1","max-image-preview":"max-image-preview:large","max-video-preview":"max-video-preview:-1"},"canonical":"https:\/\/eliro.net\/?page_id=133","og_locale":"en_US","og_type":"article","og_title":"Za\u0161tita osobnih podataka -","og_description":"Op\u0107a uredba o za\u0161titi osobnih podataka &#8211; Uredba (EU) 2016\/679 &nbsp; Zakon o provedbi op\u0107e uredbe za za\u0161titu osobnih podataka Agencija za za\u0161titu osobnih podataka &#8211; AZOP","og_url":"https:\/\/eliro.net\/?page_id=133","article_modified_time":"2024-05-06T14:53:14+00:00","twitter_card":"summary_large_image","schema":{"@context":"https:\/\/schema.org","@graph":[{"@type":"WebPage","@id":"https:\/\/eliro.net\/?page_id=133","url":"https:\/\/eliro.net\/?page_id=133","name":"Za\u0161tita osobnih podataka -","isPartOf":{"@id":"https:\/\/eliro.net\/#website"},"datePublished":"2019-04-11T08:42:32+00:00","dateModified":"2024-05-06T14:53:14+00:00","breadcrumb":{"@id":"https:\/\/eliro.net\/?page_id=133#breadcrumb"},"inLanguage":"en-US","potentialAction":[{"@type":"ReadAction","target":["https:\/\/eliro.net\/?page_id=133"]}]},{"@type":"BreadcrumbList","@id":"https:\/\/eliro.net\/?page_id=133#breadcrumb","itemListElement":[{"@type":"ListItem","position":1,"name":"Home","item":"https:\/\/eliro.net\/"},{"@type":"ListItem","position":2,"name":"Za\u0161tita osobnih podataka"}]},{"@type":"WebSite","@id":"https:\/\/eliro.net\/#website","url":"https:\/\/eliro.net\/","name":"ELIRO net","description":"IT podr\u0161ka","publisher":{"@id":"https:\/\/eliro.net\/#organization"},"potentialAction":[{"@type":"SearchAction","target":{"@type":"EntryPoint","urlTemplate":"https:\/\/eliro.net\/?s={search_term_string}"},"query-input":"required name=search_term_string"}],"inLanguage":"en-US"},{"@type":"Organization","@id":"https:\/\/eliro.net\/#organization","name":"ELIRO net","url":"https:\/\/eliro.net\/","logo":{"@type":"ImageObject","inLanguage":"en-US","@id":"https:\/\/eliro.net\/#\/schema\/logo\/image\/","url":"https:\/\/eliro.net\/wp-content\/uploads\/2018\/01\/ELIRO3.bmp","contentUrl":"https:\/\/eliro.net\/wp-content\/uploads\/2018\/01\/ELIRO3.bmp","width":158,"height":131,"caption":"ELIRO net"},"image":{"@id":"https:\/\/eliro.net\/#\/schema\/logo\/image\/"}}]}},"_links":{"self":[{"href":"https:\/\/eliro.net\/index.php?rest_route=\/wp\/v2\/pages\/133","targetHints":{"allow":["GET"]}}],"collection":[{"href":"https:\/\/eliro.net\/index.php?rest_route=\/wp\/v2\/pages"}],"about":[{"href":"https:\/\/eliro.net\/index.php?rest_route=\/wp\/v2\/types\/page"}],"author":[{"embeddable":true,"href":"https:\/\/eliro.net\/index.php?rest_route=\/wp\/v2\/users\/1"}],"replies":[{"embeddable":true,"href":"https:\/\/eliro.net\/index.php?rest_route=%2Fwp%2Fv2%2Fcomments&post=133"}],"version-history":[{"count":21,"href":"https:\/\/eliro.net\/index.php?rest_route=\/wp\/v2\/pages\/133\/revisions"}],"predecessor-version":[{"id":196,"href":"https:\/\/eliro.net\/index.php?rest_route=\/wp\/v2\/pages\/133\/revisions\/196"}],"wp:attachment":[{"href":"https:\/\/eliro.net\/index.php?rest_route=%2Fwp%2Fv2%2Fmedia&parent=133"}],"curies":[{"name":"wp","href":"https:\/\/api.w.org\/{rel}","templated":true}]}}