{"id":129,"date":"2019-04-11T08:39:06","date_gmt":"2019-04-11T08:39:06","guid":{"rendered":"https:\/\/eliro.net\/?page_id=129"},"modified":"2022-06-30T13:35:03","modified_gmt":"2022-06-30T13:35:03","slug":"pomoc","status":"publish","type":"page","link":"https:\/\/eliro.net\/?page_id=129","title":{"rendered":"Pomo\u0107"},"content":{"rendered":"\n<p>Pritiskom na sliku (<a href=\"https:\/\/get.anydesk.com\/mCpt2XuJ\/AnyDesk_Custom_Client.exe\">HELP<\/a>) pokrenut \u0107e se proces preuzimanja programa AnyDesk (<em>AnyDesk_Custom_Client.exe 3,7MB<\/em>) kojeg je potrebno pokrenuti kako bi omogu\u0107ili jednokratno spajanje na Va\u0161e ra\u010dunalo isklju\u010divo radi pru\u017eanja tra\u017eene pomo\u0107i.<\/p>\n\n\n\n<figure class=\"wp-block-image aligncenter is-resized\"><a href=\"https:\/\/get.anydesk.com\/mCpt2XuJ\/AnyDesk_Custom_Client.exe\"><img loading=\"lazy\" decoding=\"async\" src=\"https:\/\/eliro.net\/wp-content\/uploads\/2017\/02\/help-686323__480.jpg\" alt=\"\" class=\"wp-image-36\" width=\"174\" height=\"174\" srcset=\"https:\/\/eliro.net\/wp-content\/uploads\/2017\/02\/help-686323__480.jpg 480w, https:\/\/eliro.net\/wp-content\/uploads\/2017\/02\/help-686323__480-150x150.jpg 150w, https:\/\/eliro.net\/wp-content\/uploads\/2017\/02\/help-686323__480-300x300.jpg 300w\" sizes=\"auto, (max-width: 174px) 100vw, 174px\" \/><\/a><\/figure>\n","protected":false},"excerpt":{"rendered":"<p>Pritiskom na sliku (HELP) pokrenut \u0107e se proces preuzimanja programa AnyDesk (AnyDesk_Custom_Client.exe 3,7MB) kojeg je potrebno pokrenuti kako bi omogu\u0107ili jednokratno spajanje na Va\u0161e ra\u010dunalo isklju\u010divo radi pru\u017eanja tra\u017eene pomo\u0107i.<\/p>\n","protected":false},"author":1,"featured_media":0,"parent":0,"menu_order":400,"comment_status":"closed","ping_status":"closed","template":"","meta":{"footnotes":""},"class_list":["post-129","page","type-page","status-publish","hentry"],"yoast_head":"<!-- This site is optimized with the Yoast SEO plugin v22.6 - https:\/\/yoast.com\/wordpress\/plugins\/seo\/ -->\n<title>Pomo\u0107 -<\/title>\n<meta name=\"robots\" content=\"index, follow, max-snippet:-1, max-image-preview:large, max-video-preview:-1\" \/>\n<link rel=\"canonical\" href=\"https:\/\/eliro.net\/?page_id=129\" \/>\n<meta property=\"og:locale\" content=\"en_US\" \/>\n<meta property=\"og:type\" content=\"article\" \/>\n<meta property=\"og:title\" content=\"Pomo\u0107 -\" \/>\n<meta property=\"og:description\" content=\"Pritiskom na sliku (HELP) pokrenut \u0107e se proces preuzimanja programa AnyDesk (AnyDesk_Custom_Client.exe 3,7MB) kojeg je potrebno pokrenuti kako bi omogu\u0107ili jednokratno spajanje na Va\u0161e ra\u010dunalo isklju\u010divo radi pru\u017eanja tra\u017eene pomo\u0107i.\" \/>\n<meta property=\"og:url\" content=\"https:\/\/eliro.net\/?page_id=129\" \/>\n<meta property=\"article:modified_time\" content=\"2022-06-30T13:35:03+00:00\" \/>\n<meta property=\"og:image\" content=\"https:\/\/eliro.net\/wp-content\/uploads\/2017\/02\/help-686323__480.jpg\" \/>\n<meta name=\"twitter:card\" content=\"summary_large_image\" \/>\n<script type=\"application\/ld+json\" class=\"yoast-schema-graph\">{\"@context\":\"https:\/\/schema.org\",\"@graph\":[{\"@type\":\"WebPage\",\"@id\":\"https:\/\/eliro.net\/?page_id=129\",\"url\":\"https:\/\/eliro.net\/?page_id=129\",\"name\":\"Pomo\u0107 -\",\"isPartOf\":{\"@id\":\"https:\/\/eliro.net\/#website\"},\"primaryImageOfPage\":{\"@id\":\"https:\/\/eliro.net\/?page_id=129#primaryimage\"},\"image\":{\"@id\":\"https:\/\/eliro.net\/?page_id=129#primaryimage\"},\"thumbnailUrl\":\"https:\/\/eliro.net\/wp-content\/uploads\/2017\/02\/help-686323__480.jpg\",\"datePublished\":\"2019-04-11T08:39:06+00:00\",\"dateModified\":\"2022-06-30T13:35:03+00:00\",\"breadcrumb\":{\"@id\":\"https:\/\/eliro.net\/?page_id=129#breadcrumb\"},\"inLanguage\":\"en-US\",\"potentialAction\":[{\"@type\":\"ReadAction\",\"target\":[\"https:\/\/eliro.net\/?page_id=129\"]}]},{\"@type\":\"ImageObject\",\"inLanguage\":\"en-US\",\"@id\":\"https:\/\/eliro.net\/?page_id=129#primaryimage\",\"url\":\"https:\/\/eliro.net\/wp-content\/uploads\/2017\/02\/help-686323__480.jpg\",\"contentUrl\":\"https:\/\/eliro.net\/wp-content\/uploads\/2017\/02\/help-686323__480.jpg\",\"width\":480,\"height\":480},{\"@type\":\"BreadcrumbList\",\"@id\":\"https:\/\/eliro.net\/?page_id=129#breadcrumb\",\"itemListElement\":[{\"@type\":\"ListItem\",\"position\":1,\"name\":\"Home\",\"item\":\"https:\/\/eliro.net\/\"},{\"@type\":\"ListItem\",\"position\":2,\"name\":\"Pomo\u0107\"}]},{\"@type\":\"WebSite\",\"@id\":\"https:\/\/eliro.net\/#website\",\"url\":\"https:\/\/eliro.net\/\",\"name\":\"ELIRO net\",\"description\":\"IT podr\u0161ka\",\"publisher\":{\"@id\":\"https:\/\/eliro.net\/#organization\"},\"potentialAction\":[{\"@type\":\"SearchAction\",\"target\":{\"@type\":\"EntryPoint\",\"urlTemplate\":\"https:\/\/eliro.net\/?s={search_term_string}\"},\"query-input\":\"required name=search_term_string\"}],\"inLanguage\":\"en-US\"},{\"@type\":\"Organization\",\"@id\":\"https:\/\/eliro.net\/#organization\",\"name\":\"ELIRO net\",\"url\":\"https:\/\/eliro.net\/\",\"logo\":{\"@type\":\"ImageObject\",\"inLanguage\":\"en-US\",\"@id\":\"https:\/\/eliro.net\/#\/schema\/logo\/image\/\",\"url\":\"https:\/\/eliro.net\/wp-content\/uploads\/2018\/01\/ELIRO3.bmp\",\"contentUrl\":\"https:\/\/eliro.net\/wp-content\/uploads\/2018\/01\/ELIRO3.bmp\",\"width\":158,\"height\":131,\"caption\":\"ELIRO net\"},\"image\":{\"@id\":\"https:\/\/eliro.net\/#\/schema\/logo\/image\/\"}}]}<\/script>\n<!-- \/ Yoast SEO plugin. -->","yoast_head_json":{"title":"Pomo\u0107 -","robots":{"index":"index","follow":"follow","max-snippet":"max-snippet:-1","max-image-preview":"max-image-preview:large","max-video-preview":"max-video-preview:-1"},"canonical":"https:\/\/eliro.net\/?page_id=129","og_locale":"en_US","og_type":"article","og_title":"Pomo\u0107 -","og_description":"Pritiskom na sliku (HELP) pokrenut \u0107e se proces preuzimanja programa AnyDesk (AnyDesk_Custom_Client.exe 3,7MB) kojeg je potrebno pokrenuti kako bi omogu\u0107ili jednokratno spajanje na Va\u0161e ra\u010dunalo isklju\u010divo radi pru\u017eanja tra\u017eene pomo\u0107i.","og_url":"https:\/\/eliro.net\/?page_id=129","article_modified_time":"2022-06-30T13:35:03+00:00","og_image":[{"url":"https:\/\/eliro.net\/wp-content\/uploads\/2017\/02\/help-686323__480.jpg"}],"twitter_card":"summary_large_image","schema":{"@context":"https:\/\/schema.org","@graph":[{"@type":"WebPage","@id":"https:\/\/eliro.net\/?page_id=129","url":"https:\/\/eliro.net\/?page_id=129","name":"Pomo\u0107 -","isPartOf":{"@id":"https:\/\/eliro.net\/#website"},"primaryImageOfPage":{"@id":"https:\/\/eliro.net\/?page_id=129#primaryimage"},"image":{"@id":"https:\/\/eliro.net\/?page_id=129#primaryimage"},"thumbnailUrl":"https:\/\/eliro.net\/wp-content\/uploads\/2017\/02\/help-686323__480.jpg","datePublished":"2019-04-11T08:39:06+00:00","dateModified":"2022-06-30T13:35:03+00:00","breadcrumb":{"@id":"https:\/\/eliro.net\/?page_id=129#breadcrumb"},"inLanguage":"en-US","potentialAction":[{"@type":"ReadAction","target":["https:\/\/eliro.net\/?page_id=129"]}]},{"@type":"ImageObject","inLanguage":"en-US","@id":"https:\/\/eliro.net\/?page_id=129#primaryimage","url":"https:\/\/eliro.net\/wp-content\/uploads\/2017\/02\/help-686323__480.jpg","contentUrl":"https:\/\/eliro.net\/wp-content\/uploads\/2017\/02\/help-686323__480.jpg","width":480,"height":480},{"@type":"BreadcrumbList","@id":"https:\/\/eliro.net\/?page_id=129#breadcrumb","itemListElement":[{"@type":"ListItem","position":1,"name":"Home","item":"https:\/\/eliro.net\/"},{"@type":"ListItem","position":2,"name":"Pomo\u0107"}]},{"@type":"WebSite","@id":"https:\/\/eliro.net\/#website","url":"https:\/\/eliro.net\/","name":"ELIRO net","description":"IT podr\u0161ka","publisher":{"@id":"https:\/\/eliro.net\/#organization"},"potentialAction":[{"@type":"SearchAction","target":{"@type":"EntryPoint","urlTemplate":"https:\/\/eliro.net\/?s={search_term_string}"},"query-input":"required name=search_term_string"}],"inLanguage":"en-US"},{"@type":"Organization","@id":"https:\/\/eliro.net\/#organization","name":"ELIRO net","url":"https:\/\/eliro.net\/","logo":{"@type":"ImageObject","inLanguage":"en-US","@id":"https:\/\/eliro.net\/#\/schema\/logo\/image\/","url":"https:\/\/eliro.net\/wp-content\/uploads\/2018\/01\/ELIRO3.bmp","contentUrl":"https:\/\/eliro.net\/wp-content\/uploads\/2018\/01\/ELIRO3.bmp","width":158,"height":131,"caption":"ELIRO net"},"image":{"@id":"https:\/\/eliro.net\/#\/schema\/logo\/image\/"}}]}},"_links":{"self":[{"href":"https:\/\/eliro.net\/index.php?rest_route=\/wp\/v2\/pages\/129","targetHints":{"allow":["GET"]}}],"collection":[{"href":"https:\/\/eliro.net\/index.php?rest_route=\/wp\/v2\/pages"}],"about":[{"href":"https:\/\/eliro.net\/index.php?rest_route=\/wp\/v2\/types\/page"}],"author":[{"embeddable":true,"href":"https:\/\/eliro.net\/index.php?rest_route=\/wp\/v2\/users\/1"}],"replies":[{"embeddable":true,"href":"https:\/\/eliro.net\/index.php?rest_route=%2Fwp%2Fv2%2Fcomments&post=129"}],"version-history":[{"count":12,"href":"https:\/\/eliro.net\/index.php?rest_route=\/wp\/v2\/pages\/129\/revisions"}],"predecessor-version":[{"id":190,"href":"https:\/\/eliro.net\/index.php?rest_route=\/wp\/v2\/pages\/129\/revisions\/190"}],"wp:attachment":[{"href":"https:\/\/eliro.net\/index.php?rest_route=%2Fwp%2Fv2%2Fmedia&parent=129"}],"curies":[{"name":"wp","href":"https:\/\/api.w.org\/{rel}","templated":true}]}}